{"id":2068,"date":"2024-08-26T16:58:03","date_gmt":"2024-08-26T14:58:03","guid":{"rendered":"https:\/\/laparrilladetriana.es\/nous\/"},"modified":"2025-02-17T17:26:34","modified_gmt":"2025-02-17T16:26:34","slug":"sur-nous","status":"publish","type":"page","link":"https:\/\/laparrilladetriana.es\/fr\/sur-nous\/","title":{"rendered":"Sur nous"},"content":{"rendered":"\t\t<div data-elementor-type=\"wp-page\" data-elementor-id=\"2068\" class=\"elementor elementor-2068 elementor-37\" data-elementor-post-type=\"page\">\n\t\t\t\t<div class=\"elementor-element elementor-element-54aadf1 e-con-full e-flex e-con e-parent\" data-id=\"54aadf1\" data-element_type=\"container\" data-e-type=\"container\">\n\t\t<div class=\"elementor-element elementor-element-b43bc7e e-con-full e-flex e-con e-child\" data-id=\"b43bc7e\" data-element_type=\"container\" data-e-type=\"container\" data-settings=\"{&quot;background_background&quot;:&quot;classic&quot;}\">\n\t\t\t\t<\/div>\n\t\t<div class=\"elementor-element elementor-element-bee590b e-con-full e-flex e-con e-child\" data-id=\"bee590b\" data-element_type=\"container\" data-e-type=\"container\" data-settings=\"{&quot;background_background&quot;:&quot;classic&quot;}\">\n\t\t<div class=\"elementor-element elementor-element-bc5b33d e-con-full e-flex e-con e-child\" data-id=\"bc5b33d\" data-element_type=\"container\" data-e-type=\"container\">\n\t\t\t\t<div class=\"elementor-element elementor-element-67d695c elementor-widget elementor-widget-heading\" data-id=\"67d695c\" data-element_type=\"widget\" data-e-type=\"widget\" data-widget_type=\"heading.default\">\n\t\t\t\t<div class=\"elementor-widget-container\">\n\t\t\t\t\t<h2 class=\"elementor-heading-title elementor-size-default\">Nous<\/h2>\t\t\t\t<\/div>\n\t\t\t\t<\/div>\n\t\t\t\t<div class=\"elementor-element elementor-element-68c5f8f elementor-widget elementor-widget-text-editor\" data-id=\"68c5f8f\" data-element_type=\"widget\" data-e-type=\"widget\" data-widget_type=\"text-editor.default\">\n\t\t\t\t<div class=\"elementor-widget-container\">\n\t\t\t\t\t\t\t\t\t<p>Situ\u00e9 dans l&#8217;embl\u00e9matique Mercado de Triana, La Parrilla est un hommage aux saveurs authentiques et \u00e0 l&rsquo;excellence de la cuisine grill\u00e9e. Nous sommes bien plus qu&rsquo;un restaurant : nous sommes une extension de notre prestigieuse boucherie, Lechazos y Selectos, d&rsquo;o\u00f9 proviennent toutes les viandes que nous s\u00e9lectionnons avec soin pour vous offrir une exp\u00e9rience culinaire incomparable.<\/p>\n\t\t\t\t\t\t\t\t<\/div>\n\t\t\t\t<\/div>\n\t\t\t\t<\/div>\n\t\t\t\t<\/div>\n\t\t\t\t<\/div>\n\t\t<div class=\"elementor-element elementor-element-b85966d e-con-full e-flex e-con e-parent\" data-id=\"b85966d\" data-element_type=\"container\" data-e-type=\"container\">\n\t\t<div class=\"elementor-element elementor-element-3ea0332 e-con-full e-flex e-con e-child\" data-id=\"3ea0332\" data-element_type=\"container\" data-e-type=\"container\" data-settings=\"{&quot;background_background&quot;:&quot;classic&quot;,&quot;sticky&quot;:&quot;top&quot;,&quot;sticky_effects_offset&quot;:150,&quot;sticky_on&quot;:[&quot;desktop&quot;,&quot;tablet&quot;,&quot;mobile&quot;],&quot;sticky_offset&quot;:0,&quot;sticky_anchor_link_offset&quot;:0}\">\n\t\t\t\t<\/div>\n\t\t<div class=\"elementor-element elementor-element-ba98dfb e-con-full e-flex e-con e-child\" data-id=\"ba98dfb\" data-element_type=\"container\" data-e-type=\"container\" data-settings=\"{&quot;background_background&quot;:&quot;classic&quot;}\">\n\t\t<div class=\"elementor-element elementor-element-040c77c e-con-full e-flex e-con e-child\" data-id=\"040c77c\" data-element_type=\"container\" data-e-type=\"container\">\n\t\t\t\t<div class=\"elementor-element elementor-element-773d671 elementor-widget elementor-widget-text-editor\" data-id=\"773d671\" data-element_type=\"widget\" data-e-type=\"widget\" data-widget_type=\"text-editor.default\">\n\t\t\t\t<div class=\"elementor-widget-container\">\n\t\t\t\t\t\t\t\t\t<p>Chaque plat que nous servons refl\u00e8te notre passion pour la qualit\u00e9. De l&rsquo;agneau de lait d\u00e9licat et tendre au cochon de lait croustillant, en passant par nos viandes rouges s\u00e9lectionn\u00e9es, chaque morceau est trait\u00e9 avec le plus grand respect, cuit \u00e0 la perfection sur le gril, obtenant cette touche fum\u00e9e incomparable qui \u00e9l\u00e8ve les saveurs \u00e0 un autre niveau.<\/p>\n<p>Pour accompagner nos viandes, nous proposons des frites traditionnelles fra\u00eechement coup\u00e9es \u00e0 la main ou une belle s\u00e9lection de l\u00e9gumes grill\u00e9s, qui mettent en valeur la puret\u00e9 des ingr\u00e9dients et compl\u00e8tent l&rsquo;exp\u00e9rience gustative. Le tout accompagn\u00e9 d&rsquo;une s\u00e9lection minutieuse de bi\u00e8res artisanales et de vins de Ribera del Duero, parfaits pour accompagner chaque plat avec harmonie et sophistication.<\/p>\n\t\t\t\t\t\t\t\t<\/div>\n\t\t\t\t<\/div>\n\t\t\t\t<\/div>\n\t\t\t\t<\/div>\n\t\t\t\t<\/div>\n\t\t<div class=\"elementor-element elementor-element-cdff441 e-con-full e-flex e-con e-parent\" data-id=\"cdff441\" data-element_type=\"container\" data-e-type=\"container\" data-settings=\"{&quot;sticky&quot;:&quot;top&quot;,&quot;sticky_parent&quot;:&quot;yes&quot;,&quot;sticky_on&quot;:[&quot;desktop&quot;,&quot;tablet&quot;],&quot;sticky_offset&quot;:0,&quot;sticky_effects_offset&quot;:0,&quot;sticky_anchor_link_offset&quot;:0}\">\n\t\t<div class=\"elementor-element elementor-element-673d156 e-con-full e-flex e-con e-child\" data-id=\"673d156\" data-element_type=\"container\" data-e-type=\"container\" data-settings=\"{&quot;background_background&quot;:&quot;classic&quot;}\">\n\t\t\t\t<\/div>\n\t\t<div class=\"elementor-element elementor-element-00c8256 e-con-full e-flex e-con e-child\" data-id=\"00c8256\" data-element_type=\"container\" data-e-type=\"container\" data-settings=\"{&quot;background_background&quot;:&quot;classic&quot;}\">\n\t\t<div class=\"elementor-element elementor-element-c889a03 e-con-full e-flex e-con e-child\" data-id=\"c889a03\" data-element_type=\"container\" data-e-type=\"container\">\n\t\t\t\t<div class=\"elementor-element elementor-element-46dd443 elementor-widget elementor-widget-text-editor\" data-id=\"46dd443\" data-element_type=\"widget\" data-e-type=\"widget\" data-widget_type=\"text-editor.default\">\n\t\t\t\t<div class=\"elementor-widget-container\">\n\t\t\t\t\t\t\t\t\t<p>\u00c0 La Parrilla, chaque repas est une c\u00e9l\u00e9bration du bon go\u00fbt, une ode aux traditions culinaires qui perdurent et se renouvellent \u00e0 chaque bouch\u00e9e. Nous vous invitons \u00e0 vivre une exp\u00e9rience gastronomique unique, o\u00f9 la qualit\u00e9 et l&rsquo;authenticit\u00e9 sont notre marque de fabrique. Venez d\u00e9couvrir l&rsquo;art du gril au c\u0153ur de S\u00e9ville.<\/p>\n\t\t\t\t\t\t\t\t<\/div>\n\t\t\t\t<\/div>\n\t\t\t\t<\/div>\n\t\t<div class=\"elementor-element elementor-element-39852ad e-con-full e-flex e-con e-child\" data-id=\"39852ad\" data-element_type=\"container\" data-e-type=\"container\">\n\t\t\t\t<div class=\"elementor-element elementor-element-3378b2e elementor-widget elementor-widget-button\" data-id=\"3378b2e\" data-element_type=\"widget\" data-e-type=\"widget\" data-widget_type=\"button.default\">\n\t\t\t\t<div class=\"elementor-widget-container\">\n\t\t\t\t\t\t\t\t\t<div class=\"elementor-button-wrapper\">\n\t\t\t\t\t<a class=\"elementor-button elementor-button-link elementor-size-sm\" href=\"https:\/\/laparrilladetriana.es\/fr\/notre-histoire\/\">\n\t\t\t\t\t\t<span class=\"elementor-button-content-wrapper\">\n\t\t\t\t\t\t<span class=\"elementor-button-icon\">\n\t\t\t\t<svg xmlns=\"http:\/\/www.w3.org\/2000\/svg\" id=\"Capa_1\" data-name=\"Capa 1\" viewBox=\"0 0 40 40\"><path d=\"M36.27,20.82h-.47c-8.88,0-24.76,0-33.64,0-.18,0-.37,0-.55-.02-.39-.06-.64-.34-.66-.71-.02-.39,.22-.71,.6-.8,.15-.03,.31-.03,.47-.03,8.96,0,24.93,0,33.89,0,.14,0,.29,0,.53,0-.14-.15-.24-.25-.33-.35-4.05-4.05-8.1-8.1-12.15-12.16-.09-.09-.2-.18-.28-.29-.24-.31-.22-.72,.04-1,.27-.29,.7-.33,1.03-.09,.1,.07,.18,.16,.27,.25,4.51,4.51,9.01,9.01,13.52,13.52,.63,.63,.64,1.1,0,1.75-4.51,4.51-9.01,9.02-13.52,13.52-.09,.09-.17,.17-.27,.24-.33,.23-.72,.19-1-.08-.27-.28-.31-.68-.07-1,.09-.12,.19-.22,.3-.32,4-4,8-8,12-12,.11-.11,.25-.18,.38-.27-.03-.05-.06-.1-.09-.15Z\"><\/path><\/svg>\t\t\t<\/span>\n\t\t\t\t\t\t\t\t\t<span class=\"elementor-button-text\">NOTRE HISTOIRE<\/span>\n\t\t\t\t\t<\/span>\n\t\t\t\t\t<\/a>\n\t\t\t\t<\/div>\n\t\t\t\t\t\t\t\t<\/div>\n\t\t\t\t<\/div>\n\t\t\t\t<\/div>\n\t\t\t\t<\/div>\n\t\t\t\t<\/div>\n\t\t\t\t<\/div>\n\t\t","protected":false},"excerpt":{"rendered":"<p>Nous Situ\u00e9 dans l&#8217;embl\u00e9matique Mercado de Triana, La Parrilla est un hommage aux saveurs authentiques et \u00e0 l&rsquo;excellence de la cuisine grill\u00e9e. Nous sommes bien plus qu&rsquo;un restaurant : nous sommes une extension de notre prestigieuse boucherie, Lechazos y Selectos, d&rsquo;o\u00f9 proviennent toutes les viandes que nous s\u00e9lectionnons avec soin pour vous offrir une exp\u00e9rience [&hellip;]<\/p>\n","protected":false},"author":1,"featured_media":0,"parent":0,"menu_order":0,"comment_status":"closed","ping_status":"closed","template":"","meta":{"inline_featured_image":false,"footnotes":""},"class_list":["post-2068","page","type-page","status-publish","hentry"],"yoast_head":"<!-- This site is optimized with the Yoast SEO plugin v27.4 - https:\/\/yoast.com\/product\/yoast-seo-wordpress\/ -->\n<title>Sur nous - La Parrilla<\/title>\n<meta name=\"robots\" content=\"index, follow, max-snippet:-1, max-image-preview:large, max-video-preview:-1\" \/>\n<link rel=\"canonical\" href=\"https:\/\/laparrilladetriana.es\/fr\/sur-nous\/\" \/>\n<meta property=\"og:locale\" content=\"fr_FR\" \/>\n<meta property=\"og:type\" content=\"article\" \/>\n<meta property=\"og:title\" content=\"Sur nous - La Parrilla\" \/>\n<meta property=\"og:description\" content=\"Nous Situ\u00e9 dans l&#8217;embl\u00e9matique Mercado de Triana, La Parrilla est un hommage aux saveurs authentiques et \u00e0 l&rsquo;excellence de la cuisine grill\u00e9e. Nous sommes bien plus qu&rsquo;un restaurant : nous sommes une extension de notre prestigieuse boucherie, Lechazos y Selectos, d&rsquo;o\u00f9 proviennent toutes les viandes que nous s\u00e9lectionnons avec soin pour vous offrir une exp\u00e9rience [&hellip;]\" \/>\n<meta property=\"og:url\" content=\"https:\/\/laparrilladetriana.es\/fr\/sur-nous\/\" \/>\n<meta property=\"og:site_name\" content=\"La Parrilla\" \/>\n<meta property=\"article:publisher\" content=\"https:\/\/www.facebook.com\/laparrilladetriana\/\" \/>\n<meta property=\"article:modified_time\" content=\"2025-02-17T16:26:34+00:00\" \/>\n<meta name=\"twitter:card\" content=\"summary_large_image\" \/>\n<meta name=\"twitter:label1\" content=\"Dur\u00e9e de lecture estim\u00e9e\" \/>\n\t<meta name=\"twitter:data1\" content=\"2 minutes\" \/>\n<script type=\"application\/ld+json\" class=\"yoast-schema-graph\">{\"@context\":\"https:\\\/\\\/schema.org\",\"@graph\":[{\"@type\":\"WebPage\",\"@id\":\"https:\\\/\\\/laparrilladetriana.es\\\/fr\\\/sur-nous\\\/\",\"url\":\"https:\\\/\\\/laparrilladetriana.es\\\/fr\\\/sur-nous\\\/\",\"name\":\"Sur nous - La Parrilla\",\"isPartOf\":{\"@id\":\"https:\\\/\\\/laparrilladetriana.es\\\/fr\\\/#website\"},\"datePublished\":\"2024-08-26T14:58:03+00:00\",\"dateModified\":\"2025-02-17T16:26:34+00:00\",\"breadcrumb\":{\"@id\":\"https:\\\/\\\/laparrilladetriana.es\\\/fr\\\/sur-nous\\\/#breadcrumb\"},\"inLanguage\":\"fr-FR\",\"potentialAction\":[{\"@type\":\"ReadAction\",\"target\":[\"https:\\\/\\\/laparrilladetriana.es\\\/fr\\\/sur-nous\\\/\"]}]},{\"@type\":\"BreadcrumbList\",\"@id\":\"https:\\\/\\\/laparrilladetriana.es\\\/fr\\\/sur-nous\\\/#breadcrumb\",\"itemListElement\":[{\"@type\":\"ListItem\",\"position\":1,\"name\":\"Portada\",\"item\":\"https:\\\/\\\/laparrilladetriana.es\\\/fr\\\/\"},{\"@type\":\"ListItem\",\"position\":2,\"name\":\"Sur nous\"}]},{\"@type\":\"WebSite\",\"@id\":\"https:\\\/\\\/laparrilladetriana.es\\\/fr\\\/#website\",\"url\":\"https:\\\/\\\/laparrilladetriana.es\\\/fr\\\/\",\"name\":\"La Parrilla\",\"description\":\"Restaurante de carnes a la brasa en el Mercado de Triana\",\"publisher\":{\"@id\":\"https:\\\/\\\/laparrilladetriana.es\\\/fr\\\/#organization\"},\"potentialAction\":[{\"@type\":\"SearchAction\",\"target\":{\"@type\":\"EntryPoint\",\"urlTemplate\":\"https:\\\/\\\/laparrilladetriana.es\\\/fr\\\/?s={search_term_string}\"},\"query-input\":{\"@type\":\"PropertyValueSpecification\",\"valueRequired\":true,\"valueName\":\"search_term_string\"}}],\"inLanguage\":\"fr-FR\"},{\"@type\":\"Organization\",\"@id\":\"https:\\\/\\\/laparrilladetriana.es\\\/fr\\\/#organization\",\"name\":\"La Parrilla\",\"url\":\"https:\\\/\\\/laparrilladetriana.es\\\/fr\\\/\",\"logo\":{\"@type\":\"ImageObject\",\"inLanguage\":\"fr-FR\",\"@id\":\"https:\\\/\\\/laparrilladetriana.es\\\/fr\\\/#\\\/schema\\\/logo\\\/image\\\/\",\"url\":\"https:\\\/\\\/laparrilladetriana.es\\\/wp-content\\\/uploads\\\/2024\\\/08\\\/logo-la-parrilla.png\",\"contentUrl\":\"https:\\\/\\\/laparrilladetriana.es\\\/wp-content\\\/uploads\\\/2024\\\/08\\\/logo-la-parrilla.png\",\"width\":8859,\"height\":8859,\"caption\":\"La Parrilla\"},\"image\":{\"@id\":\"https:\\\/\\\/laparrilladetriana.es\\\/fr\\\/#\\\/schema\\\/logo\\\/image\\\/\"},\"sameAs\":[\"https:\\\/\\\/www.facebook.com\\\/laparrilladetriana\\\/\",\"https:\\\/\\\/www.instagram.com\\\/laparrilladetriana\\\/\"]}]}<\/script>\n<!-- \/ Yoast SEO plugin. -->","yoast_head_json":{"title":"Sur nous - La Parrilla","robots":{"index":"index","follow":"follow","max-snippet":"max-snippet:-1","max-image-preview":"max-image-preview:large","max-video-preview":"max-video-preview:-1"},"canonical":"https:\/\/laparrilladetriana.es\/fr\/sur-nous\/","og_locale":"fr_FR","og_type":"article","og_title":"Sur nous - La Parrilla","og_description":"Nous Situ\u00e9 dans l&#8217;embl\u00e9matique Mercado de Triana, La Parrilla est un hommage aux saveurs authentiques et \u00e0 l&rsquo;excellence de la cuisine grill\u00e9e. Nous sommes bien plus qu&rsquo;un restaurant : nous sommes une extension de notre prestigieuse boucherie, Lechazos y Selectos, d&rsquo;o\u00f9 proviennent toutes les viandes que nous s\u00e9lectionnons avec soin pour vous offrir une exp\u00e9rience [&hellip;]","og_url":"https:\/\/laparrilladetriana.es\/fr\/sur-nous\/","og_site_name":"La Parrilla","article_publisher":"https:\/\/www.facebook.com\/laparrilladetriana\/","article_modified_time":"2025-02-17T16:26:34+00:00","twitter_card":"summary_large_image","twitter_misc":{"Dur\u00e9e de lecture estim\u00e9e":"2 minutes"},"schema":{"@context":"https:\/\/schema.org","@graph":[{"@type":"WebPage","@id":"https:\/\/laparrilladetriana.es\/fr\/sur-nous\/","url":"https:\/\/laparrilladetriana.es\/fr\/sur-nous\/","name":"Sur nous - La Parrilla","isPartOf":{"@id":"https:\/\/laparrilladetriana.es\/fr\/#website"},"datePublished":"2024-08-26T14:58:03+00:00","dateModified":"2025-02-17T16:26:34+00:00","breadcrumb":{"@id":"https:\/\/laparrilladetriana.es\/fr\/sur-nous\/#breadcrumb"},"inLanguage":"fr-FR","potentialAction":[{"@type":"ReadAction","target":["https:\/\/laparrilladetriana.es\/fr\/sur-nous\/"]}]},{"@type":"BreadcrumbList","@id":"https:\/\/laparrilladetriana.es\/fr\/sur-nous\/#breadcrumb","itemListElement":[{"@type":"ListItem","position":1,"name":"Portada","item":"https:\/\/laparrilladetriana.es\/fr\/"},{"@type":"ListItem","position":2,"name":"Sur nous"}]},{"@type":"WebSite","@id":"https:\/\/laparrilladetriana.es\/fr\/#website","url":"https:\/\/laparrilladetriana.es\/fr\/","name":"La Parrilla","description":"Restaurante de carnes a la brasa en el Mercado de Triana","publisher":{"@id":"https:\/\/laparrilladetriana.es\/fr\/#organization"},"potentialAction":[{"@type":"SearchAction","target":{"@type":"EntryPoint","urlTemplate":"https:\/\/laparrilladetriana.es\/fr\/?s={search_term_string}"},"query-input":{"@type":"PropertyValueSpecification","valueRequired":true,"valueName":"search_term_string"}}],"inLanguage":"fr-FR"},{"@type":"Organization","@id":"https:\/\/laparrilladetriana.es\/fr\/#organization","name":"La Parrilla","url":"https:\/\/laparrilladetriana.es\/fr\/","logo":{"@type":"ImageObject","inLanguage":"fr-FR","@id":"https:\/\/laparrilladetriana.es\/fr\/#\/schema\/logo\/image\/","url":"https:\/\/laparrilladetriana.es\/wp-content\/uploads\/2024\/08\/logo-la-parrilla.png","contentUrl":"https:\/\/laparrilladetriana.es\/wp-content\/uploads\/2024\/08\/logo-la-parrilla.png","width":8859,"height":8859,"caption":"La Parrilla"},"image":{"@id":"https:\/\/laparrilladetriana.es\/fr\/#\/schema\/logo\/image\/"},"sameAs":["https:\/\/www.facebook.com\/laparrilladetriana\/","https:\/\/www.instagram.com\/laparrilladetriana\/"]}]}},"_links":{"self":[{"href":"https:\/\/laparrilladetriana.es\/fr\/wp-json\/wp\/v2\/pages\/2068","targetHints":{"allow":["GET"]}}],"collection":[{"href":"https:\/\/laparrilladetriana.es\/fr\/wp-json\/wp\/v2\/pages"}],"about":[{"href":"https:\/\/laparrilladetriana.es\/fr\/wp-json\/wp\/v2\/types\/page"}],"author":[{"embeddable":true,"href":"https:\/\/laparrilladetriana.es\/fr\/wp-json\/wp\/v2\/users\/1"}],"replies":[{"embeddable":true,"href":"https:\/\/laparrilladetriana.es\/fr\/wp-json\/wp\/v2\/comments?post=2068"}],"version-history":[{"count":11,"href":"https:\/\/laparrilladetriana.es\/fr\/wp-json\/wp\/v2\/pages\/2068\/revisions"}],"predecessor-version":[{"id":2640,"href":"https:\/\/laparrilladetriana.es\/fr\/wp-json\/wp\/v2\/pages\/2068\/revisions\/2640"}],"wp:attachment":[{"href":"https:\/\/laparrilladetriana.es\/fr\/wp-json\/wp\/v2\/media?parent=2068"}],"curies":[{"name":"wp","href":"https:\/\/api.w.org\/{rel}","templated":true}]}}