{"id":2119,"date":"2024-08-27T15:22:11","date_gmt":"2024-08-27T13:22:11","guid":{"rendered":"https:\/\/laparrilladetriana.es\/notre-histoire\/"},"modified":"2024-12-16T21:44:30","modified_gmt":"2024-12-16T20:44:30","slug":"notre-histoire","status":"publish","type":"page","link":"https:\/\/laparrilladetriana.es\/fr\/notre-histoire\/","title":{"rendered":"Notre histoire"},"content":{"rendered":"\t\t<div data-elementor-type=\"wp-page\" data-elementor-id=\"2119\" class=\"elementor elementor-2119 elementor-314\" data-elementor-post-type=\"page\">\n\t\t\t\t<div class=\"elementor-element elementor-element-a6b80c5 e-con-full e-flex e-con e-parent\" data-id=\"a6b80c5\" data-element_type=\"container\" data-e-type=\"container\" data-settings=\"{&quot;sticky&quot;:&quot;top&quot;,&quot;sticky_parent&quot;:&quot;yes&quot;,&quot;sticky_on&quot;:[&quot;desktop&quot;,&quot;tablet&quot;],&quot;sticky_offset&quot;:0,&quot;sticky_effects_offset&quot;:0,&quot;sticky_anchor_link_offset&quot;:0}\">\n\t\t<div class=\"elementor-element elementor-element-cdac4f5 e-con-full e-flex e-con e-child\" data-id=\"cdac4f5\" data-element_type=\"container\" data-e-type=\"container\" data-settings=\"{&quot;background_background&quot;:&quot;classic&quot;}\">\n\t\t\t\t<\/div>\n\t\t<div class=\"elementor-element elementor-element-7e24c62 e-con-full e-flex e-con e-child\" data-id=\"7e24c62\" data-element_type=\"container\" data-e-type=\"container\" data-settings=\"{&quot;background_background&quot;:&quot;classic&quot;}\">\n\t\t<div class=\"elementor-element elementor-element-b6f8540 e-con-full e-flex e-con e-child\" data-id=\"b6f8540\" data-element_type=\"container\" data-e-type=\"container\">\n\t\t\t\t<div class=\"elementor-element elementor-element-c8c7900 elementor-widget elementor-widget-heading\" data-id=\"c8c7900\" data-element_type=\"widget\" data-e-type=\"widget\" data-widget_type=\"heading.default\">\n\t\t\t\t<div class=\"elementor-widget-container\">\n\t\t\t\t\t<h2 class=\"elementor-heading-title elementor-size-default\">Notre histoire<\/h2>\t\t\t\t<\/div>\n\t\t\t\t<\/div>\n\t\t\t\t<div class=\"elementor-element elementor-element-6c72222 elementor-widget elementor-widget-text-editor\" data-id=\"6c72222\" data-element_type=\"widget\" data-e-type=\"widget\" data-widget_type=\"text-editor.default\">\n\t\t\t\t<div class=\"elementor-widget-container\">\n\t\t\t\t\t\t\t\t\t<p>L&rsquo;histoire du restaurant \u00ab\u00a0La Parrilla\u00a0\u00bb a commenc\u00e9 lorsque son fondateur, Jos\u00e9 Luis Rodr\u00edguez, propri\u00e9taire de la boucherie \u00ab\u00a0Lechazos y Selectos\u00a0\u00bb sur le march\u00e9 de Triana depuis 2005, a d\u00e9cid\u00e9 d&rsquo;\u00e9tendre son activit\u00e9.<\/p>\n<p>Chez \u00ab\u00a0Lechazos y Selectos\u00a0\u00bb, nous avons toujours \u00e9t\u00e9 tr\u00e8s fiers de nos viandes de qualit\u00e9 sup\u00e9rieure. C&rsquo;est pourquoi nous sommes arriv\u00e9s \u00e0 la conclusion que nous devions aller plus loin et cr\u00e9er un endroit o\u00f9 nos clients pourraient appr\u00e9cier toute la saveur de nos viandes \u00ab\u00a0en direct et en direct\u00a0\u00bb.<\/p>\n\t\t\t\t\t\t\t\t<\/div>\n\t\t\t\t<\/div>\n\t\t\t\t<\/div>\n\t\t\t\t<\/div>\n\t\t\t\t<\/div>\n\t\t<div class=\"elementor-element elementor-element-386ce13 e-con-full e-flex e-con e-parent\" data-id=\"386ce13\" data-element_type=\"container\" data-e-type=\"container\" data-settings=\"{&quot;sticky&quot;:&quot;top&quot;,&quot;sticky_parent&quot;:&quot;yes&quot;,&quot;sticky_on&quot;:[&quot;desktop&quot;,&quot;tablet&quot;],&quot;sticky_offset&quot;:0,&quot;sticky_effects_offset&quot;:0,&quot;sticky_anchor_link_offset&quot;:0}\">\n\t\t<div class=\"elementor-element elementor-element-d344633 e-con-full e-flex e-con e-child\" data-id=\"d344633\" data-element_type=\"container\" data-e-type=\"container\" data-settings=\"{&quot;background_background&quot;:&quot;classic&quot;}\">\n\t\t\t\t<\/div>\n\t\t<div class=\"elementor-element elementor-element-06b2791 e-con-full e-flex e-con e-child\" data-id=\"06b2791\" data-element_type=\"container\" data-e-type=\"container\" data-settings=\"{&quot;background_background&quot;:&quot;classic&quot;}\">\n\t\t<div class=\"elementor-element elementor-element-31edad5 e-con-full e-flex e-con e-child\" data-id=\"31edad5\" data-element_type=\"container\" data-e-type=\"container\">\n\t\t\t\t<div class=\"elementor-element elementor-element-1f31e65 elementor-widget elementor-widget-text-editor\" data-id=\"1f31e65\" data-element_type=\"widget\" data-e-type=\"widget\" data-widget_type=\"text-editor.default\">\n\t\t\t\t<div class=\"elementor-widget-container\">\n\t\t\t\t\t\t\t\t\t<p>Avec \u00ab\u00a0La Parrilla\u00a0\u00bb, nous avons voulu transmettre \u00e0 nos convives notre d\u00e9sir, notre affection et notre travail lorsqu&rsquo;il s&rsquo;agit de pr\u00e9parer de merveilleuses viandes telles que l&rsquo;agneau de lait, le cochon de lait ou n&rsquo;importe laquelle de nos viandes rouges s\u00e9lectionn\u00e9es. Et tout cela \u00e0 un prix abordable pour tous les budgets.<\/p>\n<p>Dans notre menu, vous trouverez toutes les viandes que nous avons sur le comptoir de notre boucherie \u00ab\u00a0Lechazos y Selectos\u00a0\u00bb. Et comme nous sommes certains que vous aimerez l&rsquo;exp\u00e9rience culinaire que nous vous proposons, vous pouvez toujours emporter de la viande chez vous pour la d\u00e9guster une autre fois.<\/p>\n\t\t\t\t\t\t\t\t<\/div>\n\t\t\t\t<\/div>\n\t\t\t\t<\/div>\n\t\t<div class=\"elementor-element elementor-element-7aaffaa e-con-full e-flex e-con e-child\" data-id=\"7aaffaa\" data-element_type=\"container\" data-e-type=\"container\">\n\t\t\t\t<div class=\"elementor-element elementor-element-54a4146 elementor-widget elementor-widget-button\" data-id=\"54a4146\" data-element_type=\"widget\" data-e-type=\"widget\" data-widget_type=\"button.default\">\n\t\t\t\t<div class=\"elementor-widget-container\">\n\t\t\t\t\t\t\t\t\t<div class=\"elementor-button-wrapper\">\n\t\t\t\t\t<a class=\"elementor-button elementor-button-link elementor-size-sm\" href=\"https:\/\/laparrilladetriana.es\/fr\/menu\/\">\n\t\t\t\t\t\t<span class=\"elementor-button-content-wrapper\">\n\t\t\t\t\t\t<span class=\"elementor-button-icon\">\n\t\t\t\t<svg xmlns=\"http:\/\/www.w3.org\/2000\/svg\" id=\"Capa_1\" data-name=\"Capa 1\" viewBox=\"0 0 40 40\"><path d=\"M36.27,20.82h-.47c-8.88,0-24.76,0-33.64,0-.18,0-.37,0-.55-.02-.39-.06-.64-.34-.66-.71-.02-.39,.22-.71,.6-.8,.15-.03,.31-.03,.47-.03,8.96,0,24.93,0,33.89,0,.14,0,.29,0,.53,0-.14-.15-.24-.25-.33-.35-4.05-4.05-8.1-8.1-12.15-12.16-.09-.09-.2-.18-.28-.29-.24-.31-.22-.72,.04-1,.27-.29,.7-.33,1.03-.09,.1,.07,.18,.16,.27,.25,4.51,4.51,9.01,9.01,13.52,13.52,.63,.63,.64,1.1,0,1.75-4.51,4.51-9.01,9.02-13.52,13.52-.09,.09-.17,.17-.27,.24-.33,.23-.72,.19-1-.08-.27-.28-.31-.68-.07-1,.09-.12,.19-.22,.3-.32,4-4,8-8,12-12,.11-.11,.25-.18,.38-.27-.03-.05-.06-.1-.09-.15Z\"><\/path><\/svg>\t\t\t<\/span>\n\t\t\t\t\t\t\t\t\t<span class=\"elementor-button-text\">NOTRE CARTE<\/span>\n\t\t\t\t\t<\/span>\n\t\t\t\t\t<\/a>\n\t\t\t\t<\/div>\n\t\t\t\t\t\t\t\t<\/div>\n\t\t\t\t<\/div>\n\t\t\t\t<\/div>\n\t\t\t\t<\/div>\n\t\t\t\t<\/div>\n\t\t\t\t<\/div>\n\t\t","protected":false},"excerpt":{"rendered":"<p>Notre histoire L&rsquo;histoire du restaurant \u00ab\u00a0La Parrilla\u00a0\u00bb a commenc\u00e9 lorsque son fondateur, Jos\u00e9 Luis Rodr\u00edguez, propri\u00e9taire de la boucherie \u00ab\u00a0Lechazos y Selectos\u00a0\u00bb sur le march\u00e9 de Triana depuis 2005, a d\u00e9cid\u00e9 d&rsquo;\u00e9tendre son activit\u00e9. Chez \u00ab\u00a0Lechazos y Selectos\u00a0\u00bb, nous avons toujours \u00e9t\u00e9 tr\u00e8s fiers de nos viandes de qualit\u00e9 sup\u00e9rieure. C&rsquo;est pourquoi nous sommes arriv\u00e9s [&hellip;]<\/p>\n","protected":false},"author":1,"featured_media":0,"parent":0,"menu_order":0,"comment_status":"closed","ping_status":"closed","template":"","meta":{"inline_featured_image":false,"footnotes":""},"class_list":["post-2119","page","type-page","status-publish","hentry"],"yoast_head":"<!-- This site is optimized with the Yoast SEO plugin v27.4 - https:\/\/yoast.com\/product\/yoast-seo-wordpress\/ -->\n<title>Notre histoire - La Parrilla<\/title>\n<meta name=\"robots\" content=\"index, follow, max-snippet:-1, max-image-preview:large, max-video-preview:-1\" \/>\n<link rel=\"canonical\" href=\"https:\/\/laparrilladetriana.es\/fr\/notre-histoire\/\" \/>\n<meta property=\"og:locale\" content=\"fr_FR\" \/>\n<meta property=\"og:type\" content=\"article\" \/>\n<meta property=\"og:title\" content=\"Notre histoire - La Parrilla\" \/>\n<meta property=\"og:description\" content=\"Notre histoire L&rsquo;histoire du restaurant \u00ab\u00a0La Parrilla\u00a0\u00bb a commenc\u00e9 lorsque son fondateur, Jos\u00e9 Luis Rodr\u00edguez, propri\u00e9taire de la boucherie \u00ab\u00a0Lechazos y Selectos\u00a0\u00bb sur le march\u00e9 de Triana depuis 2005, a d\u00e9cid\u00e9 d&rsquo;\u00e9tendre son activit\u00e9. Chez \u00ab\u00a0Lechazos y Selectos\u00a0\u00bb, nous avons toujours \u00e9t\u00e9 tr\u00e8s fiers de nos viandes de qualit\u00e9 sup\u00e9rieure. C&rsquo;est pourquoi nous sommes arriv\u00e9s [&hellip;]\" \/>\n<meta property=\"og:url\" content=\"https:\/\/laparrilladetriana.es\/fr\/notre-histoire\/\" \/>\n<meta property=\"og:site_name\" content=\"La Parrilla\" \/>\n<meta property=\"article:publisher\" content=\"https:\/\/www.facebook.com\/laparrilladetriana\/\" \/>\n<meta property=\"article:modified_time\" content=\"2024-12-16T20:44:30+00:00\" \/>\n<meta name=\"twitter:card\" content=\"summary_large_image\" \/>\n<meta name=\"twitter:label1\" content=\"Dur\u00e9e de lecture estim\u00e9e\" \/>\n\t<meta name=\"twitter:data1\" content=\"2 minutes\" \/>\n<script type=\"application\/ld+json\" class=\"yoast-schema-graph\">{\"@context\":\"https:\\\/\\\/schema.org\",\"@graph\":[{\"@type\":\"WebPage\",\"@id\":\"https:\\\/\\\/laparrilladetriana.es\\\/fr\\\/notre-histoire\\\/\",\"url\":\"https:\\\/\\\/laparrilladetriana.es\\\/fr\\\/notre-histoire\\\/\",\"name\":\"Notre histoire - La Parrilla\",\"isPartOf\":{\"@id\":\"https:\\\/\\\/laparrilladetriana.es\\\/fr\\\/#website\"},\"datePublished\":\"2024-08-27T13:22:11+00:00\",\"dateModified\":\"2024-12-16T20:44:30+00:00\",\"breadcrumb\":{\"@id\":\"https:\\\/\\\/laparrilladetriana.es\\\/fr\\\/notre-histoire\\\/#breadcrumb\"},\"inLanguage\":\"fr-FR\",\"potentialAction\":[{\"@type\":\"ReadAction\",\"target\":[\"https:\\\/\\\/laparrilladetriana.es\\\/fr\\\/notre-histoire\\\/\"]}]},{\"@type\":\"BreadcrumbList\",\"@id\":\"https:\\\/\\\/laparrilladetriana.es\\\/fr\\\/notre-histoire\\\/#breadcrumb\",\"itemListElement\":[{\"@type\":\"ListItem\",\"position\":1,\"name\":\"Portada\",\"item\":\"https:\\\/\\\/laparrilladetriana.es\\\/fr\\\/\"},{\"@type\":\"ListItem\",\"position\":2,\"name\":\"Notre histoire\"}]},{\"@type\":\"WebSite\",\"@id\":\"https:\\\/\\\/laparrilladetriana.es\\\/fr\\\/#website\",\"url\":\"https:\\\/\\\/laparrilladetriana.es\\\/fr\\\/\",\"name\":\"La Parrilla\",\"description\":\"Restaurante de carnes a la brasa en el Mercado de Triana\",\"publisher\":{\"@id\":\"https:\\\/\\\/laparrilladetriana.es\\\/fr\\\/#organization\"},\"potentialAction\":[{\"@type\":\"SearchAction\",\"target\":{\"@type\":\"EntryPoint\",\"urlTemplate\":\"https:\\\/\\\/laparrilladetriana.es\\\/fr\\\/?s={search_term_string}\"},\"query-input\":{\"@type\":\"PropertyValueSpecification\",\"valueRequired\":true,\"valueName\":\"search_term_string\"}}],\"inLanguage\":\"fr-FR\"},{\"@type\":\"Organization\",\"@id\":\"https:\\\/\\\/laparrilladetriana.es\\\/fr\\\/#organization\",\"name\":\"La Parrilla\",\"url\":\"https:\\\/\\\/laparrilladetriana.es\\\/fr\\\/\",\"logo\":{\"@type\":\"ImageObject\",\"inLanguage\":\"fr-FR\",\"@id\":\"https:\\\/\\\/laparrilladetriana.es\\\/fr\\\/#\\\/schema\\\/logo\\\/image\\\/\",\"url\":\"https:\\\/\\\/laparrilladetriana.es\\\/wp-content\\\/uploads\\\/2024\\\/08\\\/logo-la-parrilla.png\",\"contentUrl\":\"https:\\\/\\\/laparrilladetriana.es\\\/wp-content\\\/uploads\\\/2024\\\/08\\\/logo-la-parrilla.png\",\"width\":8859,\"height\":8859,\"caption\":\"La Parrilla\"},\"image\":{\"@id\":\"https:\\\/\\\/laparrilladetriana.es\\\/fr\\\/#\\\/schema\\\/logo\\\/image\\\/\"},\"sameAs\":[\"https:\\\/\\\/www.facebook.com\\\/laparrilladetriana\\\/\",\"https:\\\/\\\/www.instagram.com\\\/laparrilladetriana\\\/\"]}]}<\/script>\n<!-- \/ Yoast SEO plugin. -->","yoast_head_json":{"title":"Notre histoire - La Parrilla","robots":{"index":"index","follow":"follow","max-snippet":"max-snippet:-1","max-image-preview":"max-image-preview:large","max-video-preview":"max-video-preview:-1"},"canonical":"https:\/\/laparrilladetriana.es\/fr\/notre-histoire\/","og_locale":"fr_FR","og_type":"article","og_title":"Notre histoire - La Parrilla","og_description":"Notre histoire L&rsquo;histoire du restaurant \u00ab\u00a0La Parrilla\u00a0\u00bb a commenc\u00e9 lorsque son fondateur, Jos\u00e9 Luis Rodr\u00edguez, propri\u00e9taire de la boucherie \u00ab\u00a0Lechazos y Selectos\u00a0\u00bb sur le march\u00e9 de Triana depuis 2005, a d\u00e9cid\u00e9 d&rsquo;\u00e9tendre son activit\u00e9. Chez \u00ab\u00a0Lechazos y Selectos\u00a0\u00bb, nous avons toujours \u00e9t\u00e9 tr\u00e8s fiers de nos viandes de qualit\u00e9 sup\u00e9rieure. C&rsquo;est pourquoi nous sommes arriv\u00e9s [&hellip;]","og_url":"https:\/\/laparrilladetriana.es\/fr\/notre-histoire\/","og_site_name":"La Parrilla","article_publisher":"https:\/\/www.facebook.com\/laparrilladetriana\/","article_modified_time":"2024-12-16T20:44:30+00:00","twitter_card":"summary_large_image","twitter_misc":{"Dur\u00e9e de lecture estim\u00e9e":"2 minutes"},"schema":{"@context":"https:\/\/schema.org","@graph":[{"@type":"WebPage","@id":"https:\/\/laparrilladetriana.es\/fr\/notre-histoire\/","url":"https:\/\/laparrilladetriana.es\/fr\/notre-histoire\/","name":"Notre histoire - La Parrilla","isPartOf":{"@id":"https:\/\/laparrilladetriana.es\/fr\/#website"},"datePublished":"2024-08-27T13:22:11+00:00","dateModified":"2024-12-16T20:44:30+00:00","breadcrumb":{"@id":"https:\/\/laparrilladetriana.es\/fr\/notre-histoire\/#breadcrumb"},"inLanguage":"fr-FR","potentialAction":[{"@type":"ReadAction","target":["https:\/\/laparrilladetriana.es\/fr\/notre-histoire\/"]}]},{"@type":"BreadcrumbList","@id":"https:\/\/laparrilladetriana.es\/fr\/notre-histoire\/#breadcrumb","itemListElement":[{"@type":"ListItem","position":1,"name":"Portada","item":"https:\/\/laparrilladetriana.es\/fr\/"},{"@type":"ListItem","position":2,"name":"Notre histoire"}]},{"@type":"WebSite","@id":"https:\/\/laparrilladetriana.es\/fr\/#website","url":"https:\/\/laparrilladetriana.es\/fr\/","name":"La Parrilla","description":"Restaurante de carnes a la brasa en el Mercado de Triana","publisher":{"@id":"https:\/\/laparrilladetriana.es\/fr\/#organization"},"potentialAction":[{"@type":"SearchAction","target":{"@type":"EntryPoint","urlTemplate":"https:\/\/laparrilladetriana.es\/fr\/?s={search_term_string}"},"query-input":{"@type":"PropertyValueSpecification","valueRequired":true,"valueName":"search_term_string"}}],"inLanguage":"fr-FR"},{"@type":"Organization","@id":"https:\/\/laparrilladetriana.es\/fr\/#organization","name":"La Parrilla","url":"https:\/\/laparrilladetriana.es\/fr\/","logo":{"@type":"ImageObject","inLanguage":"fr-FR","@id":"https:\/\/laparrilladetriana.es\/fr\/#\/schema\/logo\/image\/","url":"https:\/\/laparrilladetriana.es\/wp-content\/uploads\/2024\/08\/logo-la-parrilla.png","contentUrl":"https:\/\/laparrilladetriana.es\/wp-content\/uploads\/2024\/08\/logo-la-parrilla.png","width":8859,"height":8859,"caption":"La Parrilla"},"image":{"@id":"https:\/\/laparrilladetriana.es\/fr\/#\/schema\/logo\/image\/"},"sameAs":["https:\/\/www.facebook.com\/laparrilladetriana\/","https:\/\/www.instagram.com\/laparrilladetriana\/"]}]}},"_links":{"self":[{"href":"https:\/\/laparrilladetriana.es\/fr\/wp-json\/wp\/v2\/pages\/2119","targetHints":{"allow":["GET"]}}],"collection":[{"href":"https:\/\/laparrilladetriana.es\/fr\/wp-json\/wp\/v2\/pages"}],"about":[{"href":"https:\/\/laparrilladetriana.es\/fr\/wp-json\/wp\/v2\/types\/page"}],"author":[{"embeddable":true,"href":"https:\/\/laparrilladetriana.es\/fr\/wp-json\/wp\/v2\/users\/1"}],"replies":[{"embeddable":true,"href":"https:\/\/laparrilladetriana.es\/fr\/wp-json\/wp\/v2\/comments?post=2119"}],"version-history":[{"count":5,"href":"https:\/\/laparrilladetriana.es\/fr\/wp-json\/wp\/v2\/pages\/2119\/revisions"}],"predecessor-version":[{"id":2194,"href":"https:\/\/laparrilladetriana.es\/fr\/wp-json\/wp\/v2\/pages\/2119\/revisions\/2194"}],"wp:attachment":[{"href":"https:\/\/laparrilladetriana.es\/fr\/wp-json\/wp\/v2\/media?parent=2119"}],"curies":[{"name":"wp","href":"https:\/\/api.w.org\/{rel}","templated":true}]}}