{"id":2098,"date":"2024-08-27T16:24:58","date_gmt":"2024-08-27T14:24:58","guid":{"rendered":"https:\/\/laparrilladetriana.es\/casa\/"},"modified":"2025-06-02T19:47:51","modified_gmt":"2025-06-02T17:47:51","slug":"home","status":"publish","type":"page","link":"https:\/\/laparrilladetriana.es\/it\/","title":{"rendered":"Casa"},"content":{"rendered":"\t\t<div data-elementor-type=\"wp-page\" data-elementor-id=\"2098\" class=\"elementor elementor-2098 elementor-386\" data-elementor-post-type=\"page\">\n\t\t\t\t<div class=\"elementor-element elementor-element-130906b e-con-full e-flex e-con e-parent\" data-id=\"130906b\" data-element_type=\"container\" data-e-type=\"container\" data-settings=\"{&quot;background_background&quot;:&quot;classic&quot;}\">\n\t\t<div class=\"elementor-element elementor-element-de31e1f e-con-full elementor-hidden-mobile e-flex e-con e-child\" data-id=\"de31e1f\" data-element_type=\"container\" data-e-type=\"container\">\n\t\t\t\t<div class=\"elementor-element elementor-element-5acc5f7 elementor-widget elementor-widget-wpml-language-switcher\" data-id=\"5acc5f7\" data-element_type=\"widget\" data-e-type=\"widget\" data-widget_type=\"wpml-language-switcher.default\">\n\t\t\t\t<div class=\"elementor-widget-container\">\n\t\t\t\t\t<div class=\"wpml-elementor-ls\">\n<div role=\"navigation\" aria-label=\"Selettore lingua\" class=\"wpml-ls-statics-footer wpml-ls wpml-ls-legacy-list-horizontal\">\n\t<ul><li class=\"wpml-ls-slot-footer wpml-ls-item wpml-ls-item-es wpml-ls-first-item wpml-ls-item-legacy-list-horizontal\">\n\t\t\t\t<a href=\"https:\/\/laparrilladetriana.es\/\" hreflang=\"es\" lang=\"es\" class=\"wpml-ls-link\" aria-label=\"Passa a Espa\u00f1ol\" title=\"Passa a Espa\u00f1ol\">\n\t\t\t\t\t<span class=\"wpml-ls-native\">Espa\u00f1ol<\/span><\/a>\n\t\t\t<\/li><li class=\"wpml-ls-slot-footer wpml-ls-item wpml-ls-item-fr wpml-ls-item-legacy-list-horizontal\">\n\t\t\t\t<a href=\"https:\/\/laparrilladetriana.es\/fr\/\" hreflang=\"fr\" lang=\"fr\" class=\"wpml-ls-link\" aria-label=\"Passa a Fran\u00e7ais\" title=\"Passa a Fran\u00e7ais\">\n\t\t\t\t\t<span class=\"wpml-ls-native\">Fran\u00e7ais<\/span><\/a>\n\t\t\t<\/li><li class=\"wpml-ls-slot-footer wpml-ls-item wpml-ls-item-en wpml-ls-last-item wpml-ls-item-legacy-list-horizontal\">\n\t\t\t\t<a href=\"https:\/\/laparrilladetriana.es\/en\/\" hreflang=\"en\" lang=\"en\" class=\"wpml-ls-link\" aria-label=\"Passa a English\" title=\"Passa a English\">\n\t\t\t\t\t<span class=\"wpml-ls-native\">English<\/span><\/a>\n\t\t\t<\/li><\/ul>\n<\/div>\n<\/div>\t\t\t\t<\/div>\n\t\t\t\t<\/div>\n\t\t\t\t<div class=\"elementor-element elementor-element-c245848 elementor-shape-circle elementor-grid-0 e-grid-align-center elementor-widget elementor-widget-social-icons\" data-id=\"c245848\" data-element_type=\"widget\" data-e-type=\"widget\" data-widget_type=\"social-icons.default\">\n\t\t\t\t<div class=\"elementor-widget-container\">\n\t\t\t\t\t\t\t<div class=\"elementor-social-icons-wrapper elementor-grid\" role=\"list\">\n\t\t\t\t\t\t\t<span class=\"elementor-grid-item\" role=\"listitem\">\n\t\t\t\t\t<a class=\"elementor-icon elementor-social-icon elementor-social-icon-instagram elementor-repeater-item-6bef9b1\" href=\"https:\/\/www.instagram.com\/laparrilladetriana\/\" target=\"_blank\" instagram=\"instagram\">\n\t\t\t\t\t\t<span class=\"elementor-screen-only\">Instagram<\/span>\n\t\t\t\t\t\t<svg aria-hidden=\"true\" class=\"e-font-icon-svg e-fab-instagram\" viewBox=\"0 0 448 512\" xmlns=\"http:\/\/www.w3.org\/2000\/svg\"><path d=\"M224.1 141c-63.6 0-114.9 51.3-114.9 114.9s51.3 114.9 114.9 114.9S339 319.5 339 255.9 287.7 141 224.1 141zm0 189.6c-41.1 0-74.7-33.5-74.7-74.7s33.5-74.7 74.7-74.7 74.7 33.5 74.7 74.7-33.6 74.7-74.7 74.7zm146.4-194.3c0 14.9-12 26.8-26.8 26.8-14.9 0-26.8-12-26.8-26.8s12-26.8 26.8-26.8 26.8 12 26.8 26.8zm76.1 27.2c-1.7-35.9-9.9-67.7-36.2-93.9-26.2-26.2-58-34.4-93.9-36.2-37-2.1-147.9-2.1-184.9 0-35.8 1.7-67.6 9.9-93.9 36.1s-34.4 58-36.2 93.9c-2.1 37-2.1 147.9 0 184.9 1.7 35.9 9.9 67.7 36.2 93.9s58 34.4 93.9 36.2c37 2.1 147.9 2.1 184.9 0 35.9-1.7 67.7-9.9 93.9-36.2 26.2-26.2 34.4-58 36.2-93.9 2.1-37 2.1-147.8 0-184.8zM398.8 388c-7.8 19.6-22.9 34.7-42.6 42.6-29.5 11.7-99.5 9-132.1 9s-102.7 2.6-132.1-9c-19.6-7.8-34.7-22.9-42.6-42.6-11.7-29.5-9-99.5-9-132.1s-2.6-102.7 9-132.1c7.8-19.6 22.9-34.7 42.6-42.6 29.5-11.7 99.5-9 132.1-9s102.7-2.6 132.1 9c19.6 7.8 34.7 22.9 42.6 42.6 11.7 29.5 9 99.5 9 132.1s2.7 102.7-9 132.1z\"><\/path><\/svg>\t\t\t\t\t<\/a>\n\t\t\t\t<\/span>\n\t\t\t\t\t\t\t<span class=\"elementor-grid-item\" role=\"listitem\">\n\t\t\t\t\t<a class=\"elementor-icon elementor-social-icon elementor-social-icon-facebook elementor-repeater-item-82ce30a\" href=\"https:\/\/www.facebook.com\/laparrilladetriana\" target=\"_blank\" facebook=\"facebook\">\n\t\t\t\t\t\t<span class=\"elementor-screen-only\">Facebook<\/span>\n\t\t\t\t\t\t<svg aria-hidden=\"true\" class=\"e-font-icon-svg e-fab-facebook\" viewBox=\"0 0 512 512\" xmlns=\"http:\/\/www.w3.org\/2000\/svg\"><path d=\"M504 256C504 119 393 8 256 8S8 119 8 256c0 123.78 90.69 226.38 209.25 245V327.69h-63V256h63v-54.64c0-62.15 37-96.48 93.67-96.48 27.14 0 55.52 4.84 55.52 4.84v61h-31.28c-30.8 0-40.41 19.12-40.41 38.73V256h68.78l-11 71.69h-57.78V501C413.31 482.38 504 379.78 504 256z\"><\/path><\/svg>\t\t\t\t\t<\/a>\n\t\t\t\t<\/span>\n\t\t\t\t\t<\/div>\n\t\t\t\t\t\t<\/div>\n\t\t\t\t<\/div>\n\t\t\t\t<\/div>\n\t\t<div class=\"elementor-element elementor-element-98c07cf e-con-full e-flex e-con e-child\" data-id=\"98c07cf\" data-element_type=\"container\" data-e-type=\"container\">\n\t\t\t\t<div class=\"elementor-element elementor-element-cee3375 elementor-widget-tablet__width-initial elementor-widget elementor-widget-heading\" data-id=\"cee3375\" data-element_type=\"widget\" data-e-type=\"widget\" data-widget_type=\"heading.default\">\n\t\t\t\t<div class=\"elementor-widget-container\">\n\t\t\t\t\t<h2 class=\"elementor-heading-title elementor-size-default\">Siamo appassionati di buona carne<\/h2>\t\t\t\t<\/div>\n\t\t\t\t<\/div>\n\t\t\t\t<div class=\"elementor-element elementor-element-e74fe72 elementor-widget__width-initial elementor-widget elementor-widget-text-editor\" data-id=\"e74fe72\" data-element_type=\"widget\" data-e-type=\"widget\" data-widget_type=\"text-editor.default\">\n\t\t\t\t<div class=\"elementor-widget-container\">\n\t\t\t\t\t\t\t\t\tNel nostro ristorante cuciniamo solo <span style=\"color: #000000;\"><a style=\"color: #000000;\" href=\"https:\/\/laparrilladetriana.es\/it\/menu\/\">CARNI<\/a><\/span> carni vere e di prima qualit\u00e0, che ti faranno amare e gustare la nostra cucina. Utilizziamo la ricetta pi\u00f9 famosa e sofisticata per la sua preparazione: CARNE E SALE. Non ci sono pi\u00f9 segreti.\t\t\t\t\t\t\t\t<\/div>\n\t\t\t\t<\/div>\n\t\t\t\t<div class=\"elementor-element elementor-element-4067577 elementor-widget-tablet__width-initial elementor-widget elementor-widget-heading\" data-id=\"4067577\" data-element_type=\"widget\" data-e-type=\"widget\" data-widget_type=\"heading.default\">\n\t\t\t\t<div class=\"elementor-widget-container\">\n\t\t\t\t\t<h1 class=\"elementor-heading-title elementor-size-default\">La Parrilla, ristorante di carne alla griglia nel Mercato di Triana<\/h1>\t\t\t\t<\/div>\n\t\t\t\t<\/div>\n\t\t\t\t<div class=\"elementor-element elementor-element-9272077 elementor-hidden-desktop elementor-hidden-tablet elementor-widget elementor-widget-button\" data-id=\"9272077\" data-element_type=\"widget\" data-e-type=\"widget\" data-widget_type=\"button.default\">\n\t\t\t\t<div class=\"elementor-widget-container\">\n\t\t\t\t\t\t\t\t\t<div class=\"elementor-button-wrapper\">\n\t\t\t\t\t<a class=\"elementor-button elementor-button-link elementor-size-sm\" href=\"https:\/\/laparrilladetriana.es\/it\/menu\/\">\n\t\t\t\t\t\t<span class=\"elementor-button-content-wrapper\">\n\t\t\t\t\t\t<span class=\"elementor-button-icon\">\n\t\t\t\t<svg xmlns=\"http:\/\/www.w3.org\/2000\/svg\" id=\"Capa_1\" data-name=\"Capa 1\" viewBox=\"0 0 40 40\"><path d=\"M36.27,20.82h-.47c-8.88,0-24.76,0-33.64,0-.18,0-.37,0-.55-.02-.39-.06-.64-.34-.66-.71-.02-.39,.22-.71,.6-.8,.15-.03,.31-.03,.47-.03,8.96,0,24.93,0,33.89,0,.14,0,.29,0,.53,0-.14-.15-.24-.25-.33-.35-4.05-4.05-8.1-8.1-12.15-12.16-.09-.09-.2-.18-.28-.29-.24-.31-.22-.72,.04-1,.27-.29,.7-.33,1.03-.09,.1,.07,.18,.16,.27,.25,4.51,4.51,9.01,9.01,13.52,13.52,.63,.63,.64,1.1,0,1.75-4.51,4.51-9.01,9.02-13.52,13.52-.09,.09-.17,.17-.27,.24-.33,.23-.72,.19-1-.08-.27-.28-.31-.68-.07-1,.09-.12,.19-.22,.3-.32,4-4,8-8,12-12,.11-.11,.25-.18,.38-.27-.03-.05-.06-.1-.09-.15Z\"><\/path><\/svg>\t\t\t<\/span>\n\t\t\t\t\t\t\t\t\t<span class=\"elementor-button-text\">IL NOSTRO STATUTO<\/span>\n\t\t\t\t\t<\/span>\n\t\t\t\t\t<\/a>\n\t\t\t\t<\/div>\n\t\t\t\t\t\t\t\t<\/div>\n\t\t\t\t<\/div>\n\t\t\t\t<div class=\"elementor-element elementor-element-fead720 elementor-hidden-mobile elementor-widget elementor-widget-theme-site-logo elementor-widget-image\" data-id=\"fead720\" data-element_type=\"widget\" data-e-type=\"widget\" data-widget_type=\"theme-site-logo.default\">\n\t\t\t\t<div class=\"elementor-widget-container\">\n\t\t\t\t\t\t\t\t\t\t\t<a href=\"https:\/\/laparrilladetriana.es\/it\/\">\n\t\t\t<img decoding=\"async\" width=\"500\" height=\"84\" src=\"https:\/\/laparrilladetriana.es\/wp-content\/uploads\/2024\/08\/logo-la-parrilla-1.png\" class=\"attachment-full size-full wp-image-1929\" alt=\"\" srcset=\"https:\/\/laparrilladetriana.es\/wp-content\/uploads\/2024\/08\/logo-la-parrilla-1.png 500w, https:\/\/laparrilladetriana.es\/wp-content\/uploads\/2024\/08\/logo-la-parrilla-1-300x50.png 300w\" sizes=\"(max-width: 500px) 100vw, 500px\" \/>\t\t\t\t<\/a>\n\t\t\t\t\t\t\t\t\t\t\t<\/div>\n\t\t\t\t<\/div>\n\t\t<div class=\"elementor-element elementor-element-e5f543c elementor-hidden-mobile e-flex e-con-boxed e-con e-child\" data-id=\"e5f543c\" data-element_type=\"container\" data-e-type=\"container\">\n\t\t\t\t\t<div class=\"e-con-inner\">\n\t\t<div class=\"elementor-element elementor-element-43628ff e-con-full e-flex e-con e-child\" data-id=\"43628ff\" data-element_type=\"container\" data-e-type=\"container\">\n\t\t\t\t<div class=\"elementor-element elementor-element-3c06d92 elementor-widget-tablet__width-initial elementor-widget elementor-widget-heading\" data-id=\"3c06d92\" data-element_type=\"widget\" data-e-type=\"widget\" data-widget_type=\"heading.default\">\n\t\t\t\t<div class=\"elementor-widget-container\">\n\t\t\t\t\t<h2 class=\"elementor-heading-title elementor-size-default\">Carne accuratamente selezionata<\/h2>\t\t\t\t<\/div>\n\t\t\t\t<\/div>\n\t\t\t\t<\/div>\n\t\t<div class=\"elementor-element elementor-element-5e7361f e-con-full e-flex e-con e-child\" data-id=\"5e7361f\" data-element_type=\"container\" data-e-type=\"container\">\n\t\t\t\t<div class=\"elementor-element elementor-element-4490b1e elementor-widget-tablet__width-initial elementor-widget elementor-widget-heading\" data-id=\"4490b1e\" data-element_type=\"widget\" data-e-type=\"widget\" data-widget_type=\"heading.default\">\n\t\t\t\t<div class=\"elementor-widget-container\">\n\t\t\t\t\t<h2 class=\"elementor-heading-title elementor-size-default\">Dalla nostra macelleria alla griglia<\/h2>\t\t\t\t<\/div>\n\t\t\t\t<\/div>\n\t\t\t\t<\/div>\n\t\t<div class=\"elementor-element elementor-element-e409725 e-con-full e-flex e-con e-child\" data-id=\"e409725\" data-element_type=\"container\" data-e-type=\"container\">\n\t\t\t\t<div class=\"elementor-element elementor-element-550cd72 elementor-widget-tablet__width-initial elementor-widget elementor-widget-heading\" data-id=\"550cd72\" data-element_type=\"widget\" data-e-type=\"widget\" data-widget_type=\"heading.default\">\n\t\t\t\t<div class=\"elementor-widget-container\">\n\t\t\t\t\t<h2 class=\"elementor-heading-title elementor-size-default\"><a href=\"https:\/\/maps.app.goo.gl\/AzzGRmQRT9ARRHFs5\" target=\"_blank\">Siamo nel mercato di Triana<\/a><\/h2>\t\t\t\t<\/div>\n\t\t\t\t<\/div>\n\t\t\t\t<\/div>\n\t\t\t\t\t<\/div>\n\t\t\t\t<\/div>\n\t\t\t\t<\/div>\n\t\t<div class=\"elementor-element elementor-element-b7aa868 e-con-full elementor-hidden-mobile e-flex e-con e-child\" data-id=\"b7aa868\" data-element_type=\"container\" data-e-type=\"container\">\n\t\t<div class=\"elementor-element elementor-element-8381103 e-con-full e-flex e-con e-child\" data-id=\"8381103\" data-element_type=\"container\" data-e-type=\"container\">\n\t\t\t\t<div class=\"elementor-element elementor-element-ff9f299 elementor-align-center elementor-widget elementor-widget-button\" data-id=\"ff9f299\" data-element_type=\"widget\" data-e-type=\"widget\" data-widget_type=\"button.default\">\n\t\t\t\t<div class=\"elementor-widget-container\">\n\t\t\t\t\t\t\t\t\t<div class=\"elementor-button-wrapper\">\n\t\t\t\t\t<a class=\"elementor-button elementor-button-link elementor-size-sm\" href=\"https:\/\/laparrilladetriana.es\/it\/chi-siamo\/\">\n\t\t\t\t\t\t<span class=\"elementor-button-content-wrapper\">\n\t\t\t\t\t\t\t\t\t<span class=\"elementor-button-text\">CHI SIAMO<\/span>\n\t\t\t\t\t<\/span>\n\t\t\t\t\t<\/a>\n\t\t\t\t<\/div>\n\t\t\t\t\t\t\t\t<\/div>\n\t\t\t\t<\/div>\n\t\t\t\t<\/div>\n\t\t<div class=\"elementor-element elementor-element-1c036ed e-con-full e-flex e-con e-child\" data-id=\"1c036ed\" data-element_type=\"container\" data-e-type=\"container\">\n\t\t\t\t<div class=\"elementor-element elementor-element-ae41e20 elementor-align-center elementor-widget elementor-widget-button\" data-id=\"ae41e20\" data-element_type=\"widget\" data-e-type=\"widget\" data-widget_type=\"button.default\">\n\t\t\t\t<div class=\"elementor-widget-container\">\n\t\t\t\t\t\t\t\t\t<div class=\"elementor-button-wrapper\">\n\t\t\t\t\t<a class=\"elementor-button elementor-button-link elementor-size-sm\" href=\"https:\/\/laparrilladetriana.es\/it\/la-nostra-storia\/\">\n\t\t\t\t\t\t<span class=\"elementor-button-content-wrapper\">\n\t\t\t\t\t\t\t\t\t<span class=\"elementor-button-text\">LA NOSTRA STORIA<\/span>\n\t\t\t\t\t<\/span>\n\t\t\t\t\t<\/a>\n\t\t\t\t<\/div>\n\t\t\t\t\t\t\t\t<\/div>\n\t\t\t\t<\/div>\n\t\t\t\t<\/div>\n\t\t<div class=\"elementor-element elementor-element-c896ed8 e-con-full e-flex e-con e-child\" data-id=\"c896ed8\" data-element_type=\"container\" data-e-type=\"container\">\n\t\t\t\t<div class=\"elementor-element elementor-element-124d62b elementor-align-center elementor-widget elementor-widget-button\" data-id=\"124d62b\" data-element_type=\"widget\" data-e-type=\"widget\" data-widget_type=\"button.default\">\n\t\t\t\t<div class=\"elementor-widget-container\">\n\t\t\t\t\t\t\t\t\t<div class=\"elementor-button-wrapper\">\n\t\t\t\t\t<a class=\"elementor-button elementor-button-link elementor-size-sm\" href=\"https:\/\/laparrilladetriana.es\/it\/menu\/\">\n\t\t\t\t\t\t<span class=\"elementor-button-content-wrapper\">\n\t\t\t\t\t\t\t\t\t<span class=\"elementor-button-text\">LETTERA<\/span>\n\t\t\t\t\t<\/span>\n\t\t\t\t\t<\/a>\n\t\t\t\t<\/div>\n\t\t\t\t\t\t\t\t<\/div>\n\t\t\t\t<\/div>\n\t\t\t\t<\/div>\n\t\t<div class=\"elementor-element elementor-element-700b733 e-con-full e-flex e-con e-child\" data-id=\"700b733\" data-element_type=\"container\" data-e-type=\"container\">\n\t\t\t\t<div class=\"elementor-element elementor-element-071196e elementor-align-center elementor-widget elementor-widget-button\" data-id=\"071196e\" data-element_type=\"widget\" data-e-type=\"widget\" data-widget_type=\"button.default\">\n\t\t\t\t<div class=\"elementor-widget-container\">\n\t\t\t\t\t\t\t\t\t<div class=\"elementor-button-wrapper\">\n\t\t\t\t\t<a class=\"elementor-button elementor-button-link elementor-size-sm\" href=\"https:\/\/laparrilladetriana.es\/it\/contatto\/\">\n\t\t\t\t\t\t<span class=\"elementor-button-content-wrapper\">\n\t\t\t\t\t\t\t\t\t<span class=\"elementor-button-text\">CONTATTO<\/span>\n\t\t\t\t\t<\/span>\n\t\t\t\t\t<\/a>\n\t\t\t\t<\/div>\n\t\t\t\t\t\t\t\t<\/div>\n\t\t\t\t<\/div>\n\t\t\t\t<\/div>\n\t\t\t\t<\/div>\n\t\t\t\t<\/div>\n\t\t<div class=\"elementor-element elementor-element-a56302a e-flex e-con-boxed e-con e-parent\" data-id=\"a56302a\" data-element_type=\"container\" data-e-type=\"container\" data-settings=\"{&quot;background_background&quot;:&quot;classic&quot;}\">\n\t\t\t\t\t<div class=\"e-con-inner\">\n\t\t\t\t<div class=\"elementor-element elementor-element-8dc4038 elementor-widget elementor-widget-image\" data-id=\"8dc4038\" data-element_type=\"widget\" data-e-type=\"widget\" data-widget_type=\"image.default\">\n\t\t\t\t<div class=\"elementor-widget-container\">\n\t\t\t\t\t\t\t\t\t\t\t\t\t\t\t<img fetchpriority=\"high\" decoding=\"async\" width=\"800\" height=\"84\" src=\"https:\/\/laparrilladetriana.es\/wp-content\/uploads\/logotipos-next-generation-eu-1024x108.avif\" class=\"attachment-large size-large wp-image-2763\" alt=\"\" srcset=\"https:\/\/laparrilladetriana.es\/wp-content\/uploads\/logotipos-next-generation-eu-1024x108.avif 1024w, https:\/\/laparrilladetriana.es\/wp-content\/uploads\/logotipos-next-generation-eu-300x32.avif 300w, https:\/\/laparrilladetriana.es\/wp-content\/uploads\/logotipos-next-generation-eu-768x81.avif 768w, https:\/\/laparrilladetriana.es\/wp-content\/uploads\/logotipos-next-generation-eu.avif 1536w\" sizes=\"(max-width: 800px) 100vw, 800px\" \/>\t\t\t\t\t\t\t\t\t\t\t\t\t\t\t<\/div>\n\t\t\t\t<\/div>\n\t\t\t\t\t<\/div>\n\t\t\t\t<\/div>\n\t\t\t\t<\/div>\n\t\t","protected":false},"excerpt":{"rendered":"<p>Italiano Fran\u00e7ais English Instagram Facebook Siamo appassionati di buona carne Nel nostro ristorante cuciniamo solo CARNI carni vere e di prima qualit\u00e0, che ti faranno amare e gustare la nostra cucina. Utilizziamo la ricetta pi\u00f9 famosa e sofisticata per la sua preparazione: CARNE E SALE. Non ci sono pi\u00f9 segreti. La Parrilla, ristorante di carne [&hellip;]<\/p>\n","protected":false},"author":1,"featured_media":0,"parent":0,"menu_order":0,"comment_status":"closed","ping_status":"closed","template":"elementor_header_footer","meta":{"inline_featured_image":false,"footnotes":""},"class_list":["post-2098","page","type-page","status-publish","hentry"],"yoast_head":"<!-- This site is optimized with the Yoast SEO plugin v27.4 - https:\/\/yoast.com\/product\/yoast-seo-wordpress\/ -->\n<title>Restaurante de carnes a la brasa en el Mercado de Triana<\/title>\n<meta name=\"description\" content=\"Lavoriamo con le carni pi\u00f9 esclusive: agnello da latte castigliano, maialino da latte, vitello di Aliste e Angus, tutti di prima qualit\u00e0.\" \/>\n<meta name=\"robots\" content=\"index, follow, max-snippet:-1, max-image-preview:large, max-video-preview:-1\" \/>\n<link rel=\"canonical\" href=\"https:\/\/laparrilladetriana.es\/it\/\" \/>\n<meta property=\"og:locale\" content=\"it_IT\" \/>\n<meta property=\"og:type\" content=\"article\" \/>\n<meta property=\"og:title\" content=\"Restaurante de carnes a la brasa en el Mercado de Triana\" \/>\n<meta property=\"og:description\" content=\"Lavoriamo con le carni pi\u00f9 esclusive: agnello da latte castigliano, maialino da latte, vitello di Aliste e Angus, tutti di prima qualit\u00e0.\" \/>\n<meta property=\"og:url\" content=\"https:\/\/laparrilladetriana.es\/it\/\" \/>\n<meta property=\"og:site_name\" content=\"La Parrilla\" \/>\n<meta property=\"article:publisher\" content=\"https:\/\/www.facebook.com\/laparrilladetriana\/\" \/>\n<meta property=\"article:modified_time\" content=\"2025-06-02T17:47:51+00:00\" \/>\n<meta name=\"twitter:card\" content=\"summary_large_image\" \/>\n<meta name=\"twitter:label1\" content=\"Tempo di lettura stimato\" \/>\n\t<meta name=\"twitter:data1\" content=\"1 minuto\" \/>\n<script type=\"application\/ld+json\" class=\"yoast-schema-graph\">{\"@context\":\"https:\\\/\\\/schema.org\",\"@graph\":[{\"@type\":\"WebPage\",\"@id\":\"https:\\\/\\\/laparrilladetriana.es\\\/it\\\/\",\"url\":\"https:\\\/\\\/laparrilladetriana.es\\\/it\\\/\",\"name\":\"Restaurante de carnes a la brasa en el Mercado de Triana\",\"isPartOf\":{\"@id\":\"https:\\\/\\\/laparrilladetriana.es\\\/it\\\/#website\"},\"primaryImageOfPage\":{\"@id\":\"https:\\\/\\\/laparrilladetriana.es\\\/it\\\/#primaryimage\"},\"image\":{\"@id\":\"https:\\\/\\\/laparrilladetriana.es\\\/it\\\/#primaryimage\"},\"thumbnailUrl\":\"https:\\\/\\\/laparrilladetriana.es\\\/wp-content\\\/uploads\\\/logotipos-next-generation-eu-1024x108.avif\",\"datePublished\":\"2024-08-27T14:24:58+00:00\",\"dateModified\":\"2025-06-02T17:47:51+00:00\",\"description\":\"Lavoriamo con le carni pi\u00f9 esclusive: agnello da latte castigliano, maialino da latte, vitello di Aliste e Angus, tutti di prima qualit\u00e0.\",\"breadcrumb\":{\"@id\":\"https:\\\/\\\/laparrilladetriana.es\\\/it\\\/#breadcrumb\"},\"inLanguage\":\"it-IT\",\"potentialAction\":[{\"@type\":\"ReadAction\",\"target\":[\"https:\\\/\\\/laparrilladetriana.es\\\/it\\\/\"]}]},{\"@type\":\"ImageObject\",\"inLanguage\":\"it-IT\",\"@id\":\"https:\\\/\\\/laparrilladetriana.es\\\/it\\\/#primaryimage\",\"url\":\"https:\\\/\\\/laparrilladetriana.es\\\/wp-content\\\/uploads\\\/logotipos-next-generation-eu-1024x108.avif\",\"contentUrl\":\"https:\\\/\\\/laparrilladetriana.es\\\/wp-content\\\/uploads\\\/logotipos-next-generation-eu-1024x108.avif\"},{\"@type\":\"BreadcrumbList\",\"@id\":\"https:\\\/\\\/laparrilladetriana.es\\\/it\\\/#breadcrumb\",\"itemListElement\":[{\"@type\":\"ListItem\",\"position\":1,\"name\":\"Portada\",\"item\":\"https:\\\/\\\/laparrilladetriana.es\\\/it\\\/home\\\/\"},{\"@type\":\"ListItem\",\"position\":2,\"name\":\"Casa\"}]},{\"@type\":\"WebSite\",\"@id\":\"https:\\\/\\\/laparrilladetriana.es\\\/it\\\/#website\",\"url\":\"https:\\\/\\\/laparrilladetriana.es\\\/it\\\/\",\"name\":\"La Parrilla\",\"description\":\"Restaurante de carnes a la brasa en el Mercado de Triana\",\"publisher\":{\"@id\":\"https:\\\/\\\/laparrilladetriana.es\\\/it\\\/#organization\"},\"potentialAction\":[{\"@type\":\"SearchAction\",\"target\":{\"@type\":\"EntryPoint\",\"urlTemplate\":\"https:\\\/\\\/laparrilladetriana.es\\\/it\\\/?s={search_term_string}\"},\"query-input\":{\"@type\":\"PropertyValueSpecification\",\"valueRequired\":true,\"valueName\":\"search_term_string\"}}],\"inLanguage\":\"it-IT\"},{\"@type\":\"Organization\",\"@id\":\"https:\\\/\\\/laparrilladetriana.es\\\/it\\\/#organization\",\"name\":\"La Parrilla\",\"url\":\"https:\\\/\\\/laparrilladetriana.es\\\/it\\\/\",\"logo\":{\"@type\":\"ImageObject\",\"inLanguage\":\"it-IT\",\"@id\":\"https:\\\/\\\/laparrilladetriana.es\\\/it\\\/#\\\/schema\\\/logo\\\/image\\\/\",\"url\":\"https:\\\/\\\/laparrilladetriana.es\\\/wp-content\\\/uploads\\\/2024\\\/08\\\/logo-la-parrilla.png\",\"contentUrl\":\"https:\\\/\\\/laparrilladetriana.es\\\/wp-content\\\/uploads\\\/2024\\\/08\\\/logo-la-parrilla.png\",\"width\":8859,\"height\":8859,\"caption\":\"La Parrilla\"},\"image\":{\"@id\":\"https:\\\/\\\/laparrilladetriana.es\\\/it\\\/#\\\/schema\\\/logo\\\/image\\\/\"},\"sameAs\":[\"https:\\\/\\\/www.facebook.com\\\/laparrilladetriana\\\/\",\"https:\\\/\\\/www.instagram.com\\\/laparrilladetriana\\\/\"]}]}<\/script>\n<!-- \/ Yoast SEO plugin. -->","yoast_head_json":{"title":"Restaurante de carnes a la brasa en el Mercado de Triana","description":"Lavoriamo con le carni pi\u00f9 esclusive: agnello da latte castigliano, maialino da latte, vitello di Aliste e Angus, tutti di prima qualit\u00e0.","robots":{"index":"index","follow":"follow","max-snippet":"max-snippet:-1","max-image-preview":"max-image-preview:large","max-video-preview":"max-video-preview:-1"},"canonical":"https:\/\/laparrilladetriana.es\/it\/","og_locale":"it_IT","og_type":"article","og_title":"Restaurante de carnes a la brasa en el Mercado de Triana","og_description":"Lavoriamo con le carni pi\u00f9 esclusive: agnello da latte castigliano, maialino da latte, vitello di Aliste e Angus, tutti di prima qualit\u00e0.","og_url":"https:\/\/laparrilladetriana.es\/it\/","og_site_name":"La Parrilla","article_publisher":"https:\/\/www.facebook.com\/laparrilladetriana\/","article_modified_time":"2025-06-02T17:47:51+00:00","twitter_card":"summary_large_image","twitter_misc":{"Tempo di lettura stimato":"1 minuto"},"schema":{"@context":"https:\/\/schema.org","@graph":[{"@type":"WebPage","@id":"https:\/\/laparrilladetriana.es\/it\/","url":"https:\/\/laparrilladetriana.es\/it\/","name":"Restaurante de carnes a la brasa en el Mercado de Triana","isPartOf":{"@id":"https:\/\/laparrilladetriana.es\/it\/#website"},"primaryImageOfPage":{"@id":"https:\/\/laparrilladetriana.es\/it\/#primaryimage"},"image":{"@id":"https:\/\/laparrilladetriana.es\/it\/#primaryimage"},"thumbnailUrl":"https:\/\/laparrilladetriana.es\/wp-content\/uploads\/logotipos-next-generation-eu-1024x108.avif","datePublished":"2024-08-27T14:24:58+00:00","dateModified":"2025-06-02T17:47:51+00:00","description":"Lavoriamo con le carni pi\u00f9 esclusive: agnello da latte castigliano, maialino da latte, vitello di Aliste e Angus, tutti di prima qualit\u00e0.","breadcrumb":{"@id":"https:\/\/laparrilladetriana.es\/it\/#breadcrumb"},"inLanguage":"it-IT","potentialAction":[{"@type":"ReadAction","target":["https:\/\/laparrilladetriana.es\/it\/"]}]},{"@type":"ImageObject","inLanguage":"it-IT","@id":"https:\/\/laparrilladetriana.es\/it\/#primaryimage","url":"https:\/\/laparrilladetriana.es\/wp-content\/uploads\/logotipos-next-generation-eu-1024x108.avif","contentUrl":"https:\/\/laparrilladetriana.es\/wp-content\/uploads\/logotipos-next-generation-eu-1024x108.avif"},{"@type":"BreadcrumbList","@id":"https:\/\/laparrilladetriana.es\/it\/#breadcrumb","itemListElement":[{"@type":"ListItem","position":1,"name":"Portada","item":"https:\/\/laparrilladetriana.es\/it\/home\/"},{"@type":"ListItem","position":2,"name":"Casa"}]},{"@type":"WebSite","@id":"https:\/\/laparrilladetriana.es\/it\/#website","url":"https:\/\/laparrilladetriana.es\/it\/","name":"La Parrilla","description":"Restaurante de carnes a la brasa en el Mercado de Triana","publisher":{"@id":"https:\/\/laparrilladetriana.es\/it\/#organization"},"potentialAction":[{"@type":"SearchAction","target":{"@type":"EntryPoint","urlTemplate":"https:\/\/laparrilladetriana.es\/it\/?s={search_term_string}"},"query-input":{"@type":"PropertyValueSpecification","valueRequired":true,"valueName":"search_term_string"}}],"inLanguage":"it-IT"},{"@type":"Organization","@id":"https:\/\/laparrilladetriana.es\/it\/#organization","name":"La Parrilla","url":"https:\/\/laparrilladetriana.es\/it\/","logo":{"@type":"ImageObject","inLanguage":"it-IT","@id":"https:\/\/laparrilladetriana.es\/it\/#\/schema\/logo\/image\/","url":"https:\/\/laparrilladetriana.es\/wp-content\/uploads\/2024\/08\/logo-la-parrilla.png","contentUrl":"https:\/\/laparrilladetriana.es\/wp-content\/uploads\/2024\/08\/logo-la-parrilla.png","width":8859,"height":8859,"caption":"La Parrilla"},"image":{"@id":"https:\/\/laparrilladetriana.es\/it\/#\/schema\/logo\/image\/"},"sameAs":["https:\/\/www.facebook.com\/laparrilladetriana\/","https:\/\/www.instagram.com\/laparrilladetriana\/"]}]}},"_links":{"self":[{"href":"https:\/\/laparrilladetriana.es\/it\/wp-json\/wp\/v2\/pages\/2098","targetHints":{"allow":["GET"]}}],"collection":[{"href":"https:\/\/laparrilladetriana.es\/it\/wp-json\/wp\/v2\/pages"}],"about":[{"href":"https:\/\/laparrilladetriana.es\/it\/wp-json\/wp\/v2\/types\/page"}],"author":[{"embeddable":true,"href":"https:\/\/laparrilladetriana.es\/it\/wp-json\/wp\/v2\/users\/1"}],"replies":[{"embeddable":true,"href":"https:\/\/laparrilladetriana.es\/it\/wp-json\/wp\/v2\/comments?post=2098"}],"version-history":[{"count":24,"href":"https:\/\/laparrilladetriana.es\/it\/wp-json\/wp\/v2\/pages\/2098\/revisions"}],"predecessor-version":[{"id":2810,"href":"https:\/\/laparrilladetriana.es\/it\/wp-json\/wp\/v2\/pages\/2098\/revisions\/2810"}],"wp:attachment":[{"href":"https:\/\/laparrilladetriana.es\/it\/wp-json\/wp\/v2\/media?parent=2098"}],"curies":[{"name":"wp","href":"https:\/\/api.w.org\/{rel}","templated":true}]}}